{"id":2964,"date":"2022-09-22T08:45:53","date_gmt":"2022-09-22T06:45:53","guid":{"rendered":"https:\/\/construeixelfutur.cat\/politica-de-cookies\/"},"modified":"2024-09-03T12:39:07","modified_gmt":"2024-09-03T10:39:07","slug":"politica-de-cookies","status":"publish","type":"page","link":"https:\/\/construeixelfutur.cat\/es\/politica-de-cookies\/","title":{"rendered":"Pol\u00edtica de Cookies"},"content":{"rendered":"<p><div class=\"fusion-fullwidth fullwidth-box fusion-builder-row-1 fusion-flex-container has-pattern-background has-mask-background nonhundred-percent-fullwidth non-hundred-percent-height-scrolling\" style=\"--awb-background-blend-mode:overlay;--awb-border-radius-top-left:0px;--awb-border-radius-top-right:0px;--awb-border-radius-bottom-right:0px;--awb-border-radius-bottom-left:0px;--awb-padding-top:20px;--awb-padding-bottom:20px;--awb-flex-wrap:wrap;\" ><div class=\"fusion-builder-row fusion-row fusion-flex-align-items-stretch fusion-flex-content-wrap\" style=\"max-width:calc( 1400px + 100px );margin-left: calc(-100px \/ 2 );margin-right: calc(-100px \/ 2 );\"><div class=\"fusion-layout-column fusion_builder_column fusion-builder-column-0 fusion_builder_column_1_1 1_1 fusion-flex-column fusion-animated\" style=\"--awb-bg-size:cover;--awb-width-large:100%;--awb-margin-top-large:0px;--awb-spacing-right-large:50px;--awb-margin-bottom-large:0px;--awb-spacing-left-large:50px;--awb-width-medium:100%;--awb-order-medium:0;--awb-spacing-right-medium:50px;--awb-spacing-left-medium:50px;--awb-width-small:100%;--awb-order-small:0;--awb-spacing-right-small:50px;--awb-spacing-left-small:50px;\" data-animationType=\"fadeInUp\" data-animationDuration=\"1.0\" data-animationOffset=\"top-into-view\"><div class=\"fusion-column-wrapper fusion-column-has-shadow fusion-flex-justify-content-center fusion-content-layout-column\"><div class=\"fusion-separator fusion-full-width-sep\" style=\"align-self: center;margin-left: auto;margin-right: auto;margin-bottom:30px;width:100%;\"><div class=\"fusion-separator-border sep-single sep-solid\" style=\"--awb-height:20px;--awb-amount:20px;--awb-sep-color:#d8d8d8;border-color:#d8d8d8;border-top-width:1px;\"><\/div><\/div><div class=\"fusion-title title fusion-title-1 fusion-sep-none fusion-title-text fusion-title-size-one\" style=\"--awb-font-size:55px;\"><h1 class=\"fusion-title-heading title-heading-left\" style=\"margin:0;font-size:1em;\">Pol\u00edtica de Cookies<\/h1><\/div><div class=\"fusion-title title fusion-title-2 fusion-sep-none fusion-title-text fusion-title-size-two fusion-animated\" style=\"--awb-text-color:var(--awb-color5);--awb-margin-bottom:0px;--awb-font-size:22px;\" data-animationType=\"fadeInUp\" data-animationDuration=\"1.0\" data-animationOffset=\"top-into-view\"><h2 class=\"fusion-title-heading title-heading-left\" style=\"font-family:Arial, Helvetica, sans-serif;font-style:normal;font-weight:400;margin:0;font-size:1em;\"><p>Condiciones generales de www.construeixelfutur.cat<strong><br \/>\n<\/strong><\/p><\/h2><\/div><\/div><\/div><\/div><\/div><div class=\"fusion-fullwidth fullwidth-box fusion-builder-row-2 fusion-flex-container has-pattern-background has-mask-background nonhundred-percent-fullwidth non-hundred-percent-height-scrolling\" style=\"--awb-border-radius-top-left:0px;--awb-border-radius-top-right:0px;--awb-border-radius-bottom-right:0px;--awb-border-radius-bottom-left:0px;--awb-padding-top:30px;--awb-padding-bottom:60px;--awb-flex-wrap:wrap;\" ><div class=\"fusion-builder-row fusion-row fusion-flex-align-items-stretch fusion-flex-content-wrap\" style=\"max-width:1456px;margin-left: calc(-4% \/ 2 );margin-right: calc(-4% \/ 2 );\"><div class=\"fusion-layout-column fusion_builder_column fusion-builder-column-1 fusion_builder_column_1_1 1_1 fusion-flex-column\" style=\"--awb-bg-size:cover;--awb-width-large:100%;--awb-margin-top-large:0px;--awb-spacing-right-large:1.92%;--awb-margin-bottom-large:20px;--awb-spacing-left-large:1.92%;--awb-width-medium:100%;--awb-order-medium:0;--awb-spacing-right-medium:1.92%;--awb-spacing-left-medium:1.92%;--awb-width-small:100%;--awb-order-small:0;--awb-spacing-right-small:1.92%;--awb-spacing-left-small:1.92%;\"><div class=\"fusion-column-wrapper fusion-column-has-shadow fusion-flex-justify-content-center fusion-content-layout-column\"><div class=\"fusion-text fusion-text-1 fusion-animated\" data-animationType=\"fadeInUp\" data-animationDuration=\"1.0\" data-animationOffset=\"top-into-view\"><p>Las cookies o galletas son peque\u00f1os ficheros de texto que las webs pueden utilizar para hacer m\u00e1s eficiente la experiencia del usuario. La ley afirma que podemos almacenar cookies en su dispositivo si son estrictamente necesarias para el funcionamiento de esta p\u00e1gina. Para el resto de cookies necesitamos su permiso.<\/p>\n<p>Esta p\u00e1gina utiliza distintos tipos de cookies, algunas de ellas con colocadas por servicios de terceros que aparecen en nuestras p\u00e1ginas. En cualquier momento puede cambiar o retirar su consentimiento desde la Declaraci\u00f3n de cookies de nuestro sitio web.<\/p>\n<p>Las cookies de este sitio web se utilizan para personalizar el contenido y los anuncios, ofrecer funciones de redes sociales y analizar el tr\u00e1fico web. Adem\u00e1s, compartimos informaci\u00f3n sobre el uso que hace del sitio web con nuestros partners de redes sociales y an\u00e1lisis web, quienes pueden combinarla con otra informaci\u00f3n que les haya proporcionado o hayan recopilado a partir del uso que haya hecho de sus servicios.<\/p>\n<p><strong>COOKIES UTILIZADAS EN ESTE SITIO WEB<\/strong><\/p>\n<p>Siguiendo las directrices de la Agencia Espa\u00f1ola de Protecci\u00f3n de Datos procedemos a detallar el uso de galletas que hace esta web para informarle con la m\u00e1xima exactitud posible.<\/p>\n<p>Este sitio web utiliza las galletas siguientes necesarias:<\/p>\n<ul>\n<li><strong><em>CookieConsent:<\/em><\/strong>\u00a0Almacena el estado de consentimiento de cookies del usuario para el dominio actual. Tiene caducidad de 1 a\u00f1o y es de tipo HTTP.<\/li>\n<li><strong><em>wordpress_test_cookie:\u00a0<\/em><\/strong>Se utiliza para comprobar si el navegador del usuario admite cookies. Caduca al final de cada sesi\u00f3n y es de tipo HTTP.<\/li>\n<\/ul>\n<p><strong>CONFIGURACI\u00d3N DEL NAVEGADOR, DESACTIVACI\u00d3N O ELIMINACI\u00d3N DE COOKIES<\/strong><\/p>\n<p>El Titular recuerda a sus usuarios que el uso de galletas podr\u00e1 estar sujeto a su aceptaci\u00f3n durante la instalaci\u00f3n o actualizaci\u00f3n del navegador utilizado. El Titular recomienda a sus usuarios que consulten la ayuda de su navegador o accedan a las p\u00e1ginas web de ayuda de los principales navegadores:<\/p>\n<ul>\n<li><em>Firefox:\u00a0<\/em><a href=\"http:\/\/support.mozilla.org\/es\/home\" target=\"_blank\" rel=\"noopener\"><em>http:\/\/support.mozilla.org\/es\/home<\/em><\/a><\/li>\n<li><em>Internet Explorer:\u00a0<\/em><a href=\"http:\/\/support.microsoft.com\/ph\/807\/es-es\" target=\"_blank\" rel=\"noopener\"><em>http:\/\/support.microsoft.com\/ph\/807\/es-es<\/em><\/a><\/li>\n<li><em>Safari:\u00a0<\/em><a href=\"http:\/\/support.apple.com\/kb\/HT1677?viewlocale=es_ES\" target=\"_blank\" rel=\"noopener\"><em>http:\/\/support.apple.com\/kb\/HT1677?viewlocale=es_ES<\/em><\/a><\/li>\n<li><em>Opera:\u00a0<\/em><a href=\"http:\/\/help.opera.com\/Windows\/8.54\/es-ES\/index.html\" target=\"_blank\" rel=\"noopener\"><em>http:\/\/help.opera.com\/Windows\/8.54\/es-ES\/index.html<\/em><\/a><\/li>\n<li><em>Chrome:\u00a0<\/em><a href=\"https:\/\/support.google.com\/chrome\/?hl=es\" target=\"_blank\" rel=\"noopener\"><em>https:\/\/support.google.com\/chrome\/?hl=es<\/em><\/a><\/li>\n<\/ul>\n<p>En cualquier momento podr\u00e1 ejercer su derecho de desactivaci\u00f3n o eliminaci\u00f3n de galletas de este sitio web. Estas acciones se realizan de forma diferente en funci\u00f3n del navegador que est\u00e9 usando.<\/p>\n<p>Le informamos que la configuraci\u00f3n de su navegador para rechazar galletas no le impedir\u00e1 navegar por el portal con el \u00fanico inconveniente de no poder disfrutar de las funcionalidades que requieran la instalaci\u00f3n de alguna de ellas, en concreto, las funcionalidades indicadas en las galletas de la sesi\u00f3n.<\/p>\n<p><strong>NOTAS ADICIONALES<\/strong><\/p>\n<ul>\n<li>Ni esta web ni sus representantes legales se hacen responsables ni del contenido ni de la veracidad de las pol\u00edticas de privacidad que puedan tener los terceros nombrados en esta pol\u00edtica de galletas.<\/li>\n<li>Los navegadores web son las herramientas encargadas de almacenar las galletas y, desde este sitio, de efectuar su derecho a eliminaci\u00f3n o desactivaci\u00f3n. Ni esta web ni sus representantes legales pueden garantizar la correcta o incorrecta manipulaci\u00f3n de las galletas por parte de los nombrados navegadores.<\/li>\n<li>En algunos casos es necesario instalar cookies para que el navegador no olvide su decisi\u00f3n de no aceptar las mismas.<\/li>\n<\/ul>\n<p>Para cualquier duda o consulta sobre esta pol\u00edtica de galletas no dude en comunicarse con nosotros a trav\u00e9s de la secci\u00f3n de contacto.<\/p>\n<\/div><\/div><\/div><\/div><\/div><\/p>\n","protected":false},"excerpt":{"rendered":"","protected":false},"author":1,"featured_media":0,"parent":0,"menu_order":0,"comment_status":"closed","ping_status":"closed","template":"100-width.php","meta":{"inline_featured_image":false,"footnotes":""},"class_list":["post-2964","page","type-page","status-publish","hentry"],"yoast_head":"<!-- This site is optimized with the Yoast SEO plugin v26.4 - https:\/\/yoast.com\/wordpress\/plugins\/seo\/ -->\n<title>Pol\u00edtica de Cookies - Confederaci\u00f3 Catalana de la Construcci\u00f3<\/title>\n<meta name=\"robots\" content=\"index, follow, max-snippet:-1, max-image-preview:large, max-video-preview:-1\" \/>\n<link rel=\"canonical\" href=\"https:\/\/construeixelfutur.cat\/es\/politica-de-cookies\/\" \/>\n<meta property=\"og:locale\" content=\"es_ES\" \/>\n<meta property=\"og:type\" content=\"article\" \/>\n<meta property=\"og:title\" content=\"Pol\u00edtica de Cookies - Confederaci\u00f3 Catalana de la Construcci\u00f3\" \/>\n<meta property=\"og:url\" content=\"https:\/\/construeixelfutur.cat\/es\/politica-de-cookies\/\" \/>\n<meta property=\"og:site_name\" content=\"Confederaci\u00f3 Catalana de la Construcci\u00f3\" \/>\n<meta property=\"article:modified_time\" content=\"2024-09-03T10:39:07+00:00\" \/>\n<meta name=\"twitter:card\" content=\"summary_large_image\" \/>\n<meta name=\"twitter:label1\" content=\"Tiempo de lectura\" \/>\n\t<meta name=\"twitter:data1\" content=\"3 minutos\" \/>\n<script type=\"application\/ld+json\" class=\"yoast-schema-graph\">{\"@context\":\"https:\/\/schema.org\",\"@graph\":[{\"@type\":\"WebPage\",\"@id\":\"https:\/\/construeixelfutur.cat\/es\/politica-de-cookies\/\",\"url\":\"https:\/\/construeixelfutur.cat\/es\/politica-de-cookies\/\",\"name\":\"Pol\u00edtica de Cookies - Confederaci\u00f3 Catalana de la Construcci\u00f3\",\"isPartOf\":{\"@id\":\"https:\/\/construeixelfutur.cat\/es\/#website\"},\"datePublished\":\"2022-09-22T06:45:53+00:00\",\"dateModified\":\"2024-09-03T10:39:07+00:00\",\"breadcrumb\":{\"@id\":\"https:\/\/construeixelfutur.cat\/es\/politica-de-cookies\/#breadcrumb\"},\"inLanguage\":\"es\",\"potentialAction\":[{\"@type\":\"ReadAction\",\"target\":[\"https:\/\/construeixelfutur.cat\/es\/politica-de-cookies\/\"]}]},{\"@type\":\"BreadcrumbList\",\"@id\":\"https:\/\/construeixelfutur.cat\/es\/politica-de-cookies\/#breadcrumb\",\"itemListElement\":[{\"@type\":\"ListItem\",\"position\":1,\"name\":\"Portada\",\"item\":\"https:\/\/construeixelfutur.cat\/es\/\"},{\"@type\":\"ListItem\",\"position\":2,\"name\":\"Pol\u00edtica de Cookies\"}]},{\"@type\":\"WebSite\",\"@id\":\"https:\/\/construeixelfutur.cat\/es\/#website\",\"url\":\"https:\/\/construeixelfutur.cat\/es\/\",\"name\":\"Confederaci\u00f3 Catalana de la Construcci\u00f3\",\"description\":\"Just another WordPress site\",\"potentialAction\":[{\"@type\":\"SearchAction\",\"target\":{\"@type\":\"EntryPoint\",\"urlTemplate\":\"https:\/\/construeixelfutur.cat\/es\/?s={search_term_string}\"},\"query-input\":{\"@type\":\"PropertyValueSpecification\",\"valueRequired\":true,\"valueName\":\"search_term_string\"}}],\"inLanguage\":\"es\"}]}<\/script>\n<!-- \/ Yoast SEO plugin. -->","yoast_head_json":{"title":"Pol\u00edtica de Cookies - Confederaci\u00f3 Catalana de la Construcci\u00f3","robots":{"index":"index","follow":"follow","max-snippet":"max-snippet:-1","max-image-preview":"max-image-preview:large","max-video-preview":"max-video-preview:-1"},"canonical":"https:\/\/construeixelfutur.cat\/es\/politica-de-cookies\/","og_locale":"es_ES","og_type":"article","og_title":"Pol\u00edtica de Cookies - Confederaci\u00f3 Catalana de la Construcci\u00f3","og_url":"https:\/\/construeixelfutur.cat\/es\/politica-de-cookies\/","og_site_name":"Confederaci\u00f3 Catalana de la Construcci\u00f3","article_modified_time":"2024-09-03T10:39:07+00:00","twitter_card":"summary_large_image","twitter_misc":{"Tiempo de lectura":"3 minutos"},"schema":{"@context":"https:\/\/schema.org","@graph":[{"@type":"WebPage","@id":"https:\/\/construeixelfutur.cat\/es\/politica-de-cookies\/","url":"https:\/\/construeixelfutur.cat\/es\/politica-de-cookies\/","name":"Pol\u00edtica de Cookies - Confederaci\u00f3 Catalana de la Construcci\u00f3","isPartOf":{"@id":"https:\/\/construeixelfutur.cat\/es\/#website"},"datePublished":"2022-09-22T06:45:53+00:00","dateModified":"2024-09-03T10:39:07+00:00","breadcrumb":{"@id":"https:\/\/construeixelfutur.cat\/es\/politica-de-cookies\/#breadcrumb"},"inLanguage":"es","potentialAction":[{"@type":"ReadAction","target":["https:\/\/construeixelfutur.cat\/es\/politica-de-cookies\/"]}]},{"@type":"BreadcrumbList","@id":"https:\/\/construeixelfutur.cat\/es\/politica-de-cookies\/#breadcrumb","itemListElement":[{"@type":"ListItem","position":1,"name":"Portada","item":"https:\/\/construeixelfutur.cat\/es\/"},{"@type":"ListItem","position":2,"name":"Pol\u00edtica de Cookies"}]},{"@type":"WebSite","@id":"https:\/\/construeixelfutur.cat\/es\/#website","url":"https:\/\/construeixelfutur.cat\/es\/","name":"Confederaci\u00f3 Catalana de la Construcci\u00f3","description":"Just another WordPress site","potentialAction":[{"@type":"SearchAction","target":{"@type":"EntryPoint","urlTemplate":"https:\/\/construeixelfutur.cat\/es\/?s={search_term_string}"},"query-input":{"@type":"PropertyValueSpecification","valueRequired":true,"valueName":"search_term_string"}}],"inLanguage":"es"}]}},"_links":{"self":[{"href":"https:\/\/construeixelfutur.cat\/es\/wp-json\/wp\/v2\/pages\/2964","targetHints":{"allow":["GET"]}}],"collection":[{"href":"https:\/\/construeixelfutur.cat\/es\/wp-json\/wp\/v2\/pages"}],"about":[{"href":"https:\/\/construeixelfutur.cat\/es\/wp-json\/wp\/v2\/types\/page"}],"author":[{"embeddable":true,"href":"https:\/\/construeixelfutur.cat\/es\/wp-json\/wp\/v2\/users\/1"}],"replies":[{"embeddable":true,"href":"https:\/\/construeixelfutur.cat\/es\/wp-json\/wp\/v2\/comments?post=2964"}],"version-history":[{"count":3,"href":"https:\/\/construeixelfutur.cat\/es\/wp-json\/wp\/v2\/pages\/2964\/revisions"}],"predecessor-version":[{"id":3225,"href":"https:\/\/construeixelfutur.cat\/es\/wp-json\/wp\/v2\/pages\/2964\/revisions\/3225"}],"wp:attachment":[{"href":"https:\/\/construeixelfutur.cat\/es\/wp-json\/wp\/v2\/media?parent=2964"}],"curies":[{"name":"wp","href":"https:\/\/api.w.org\/{rel}","templated":true}]}}