{"id":2965,"date":"2022-09-22T08:44:19","date_gmt":"2022-09-22T06:44:19","guid":{"rendered":"https:\/\/construeixelfutur.cat\/politica-de-privacitat\/"},"modified":"2024-08-01T19:23:47","modified_gmt":"2024-08-01T17:23:47","slug":"politica-de-privacidad","status":"publish","type":"page","link":"https:\/\/construeixelfutur.cat\/es\/politica-de-privacidad\/","title":{"rendered":"Pol\u00edtica de privacidad"},"content":{"rendered":"<p><div class=\"fusion-fullwidth fullwidth-box fusion-builder-row-1 fusion-flex-container has-pattern-background has-mask-background nonhundred-percent-fullwidth non-hundred-percent-height-scrolling\" style=\"--awb-background-blend-mode:overlay;--awb-border-radius-top-left:0px;--awb-border-radius-top-right:0px;--awb-border-radius-bottom-right:0px;--awb-border-radius-bottom-left:0px;--awb-padding-top:20px;--awb-padding-bottom:20px;--awb-flex-wrap:wrap;\" ><div class=\"fusion-builder-row fusion-row fusion-flex-align-items-stretch fusion-flex-content-wrap\" style=\"max-width:calc( 1400px + 100px );margin-left: calc(-100px \/ 2 );margin-right: calc(-100px \/ 2 );\"><div class=\"fusion-layout-column fusion_builder_column fusion-builder-column-0 fusion_builder_column_1_1 1_1 fusion-flex-column fusion-animated\" style=\"--awb-bg-size:cover;--awb-width-large:100%;--awb-margin-top-large:0px;--awb-spacing-right-large:50px;--awb-margin-bottom-large:0px;--awb-spacing-left-large:50px;--awb-width-medium:100%;--awb-order-medium:0;--awb-spacing-right-medium:50px;--awb-spacing-left-medium:50px;--awb-width-small:100%;--awb-order-small:0;--awb-spacing-right-small:50px;--awb-spacing-left-small:50px;\" data-animationType=\"fadeInUp\" data-animationDuration=\"1.0\" data-animationOffset=\"top-into-view\"><div class=\"fusion-column-wrapper fusion-column-has-shadow fusion-flex-justify-content-center fusion-content-layout-column\"><div class=\"fusion-separator fusion-full-width-sep\" style=\"align-self: center;margin-left: auto;margin-right: auto;margin-bottom:30px;width:100%;\"><div class=\"fusion-separator-border sep-single sep-solid\" style=\"--awb-height:20px;--awb-amount:20px;--awb-sep-color:#d8d8d8;border-color:#d8d8d8;border-top-width:1px;\"><\/div><\/div><div class=\"fusion-title title fusion-title-1 fusion-sep-none fusion-title-text fusion-title-size-one\" style=\"--awb-font-size:55px;\"><h1 class=\"fusion-title-heading title-heading-left\" style=\"margin:0;font-size:1em;\">Pol\u00edtica de privacidad<\/h1><\/div><div class=\"fusion-title title fusion-title-2 fusion-sep-none fusion-title-text fusion-title-size-two fusion-animated\" style=\"--awb-text-color:var(--awb-color5);--awb-margin-bottom:0px;--awb-font-size:22px;\" data-animationType=\"fadeInUp\" data-animationDuration=\"1.0\" data-animationOffset=\"top-into-view\"><h2 class=\"fusion-title-heading title-heading-left\" style=\"font-family:Arial, Helvetica, sans-serif;font-style:normal;font-weight:400;margin:0;font-size:1em;\"><p>Condiciones generales de www.construeixelfutur.cat<strong><br \/>\n<\/strong><\/p><\/h2><\/div><\/div><\/div><\/div><\/div><div class=\"fusion-fullwidth fullwidth-box fusion-builder-row-2 fusion-flex-container has-pattern-background has-mask-background nonhundred-percent-fullwidth non-hundred-percent-height-scrolling\" style=\"--awb-border-radius-top-left:0px;--awb-border-radius-top-right:0px;--awb-border-radius-bottom-right:0px;--awb-border-radius-bottom-left:0px;--awb-padding-top:30px;--awb-padding-bottom:60px;--awb-flex-wrap:wrap;\" ><div class=\"fusion-builder-row fusion-row fusion-flex-align-items-stretch fusion-flex-content-wrap\" style=\"max-width:1456px;margin-left: calc(-4% \/ 2 );margin-right: calc(-4% \/ 2 );\"><div class=\"fusion-layout-column fusion_builder_column fusion-builder-column-1 fusion_builder_column_1_1 1_1 fusion-flex-column\" style=\"--awb-bg-size:cover;--awb-width-large:100%;--awb-margin-top-large:0px;--awb-spacing-right-large:1.92%;--awb-margin-bottom-large:20px;--awb-spacing-left-large:1.92%;--awb-width-medium:100%;--awb-order-medium:0;--awb-spacing-right-medium:1.92%;--awb-spacing-left-medium:1.92%;--awb-width-small:100%;--awb-order-small:0;--awb-spacing-right-small:1.92%;--awb-spacing-left-small:1.92%;\"><div class=\"fusion-column-wrapper fusion-column-has-shadow fusion-flex-justify-content-center fusion-content-layout-column\"><div class=\"fusion-text fusion-text-1 fusion-animated\" data-animationType=\"fadeInUp\" data-animationDuration=\"1.0\" data-animationOffset=\"top-into-view\"><p>En cumplimiento del Reglamento General de Protecci\u00f3n de Datos relativo a la protecci\u00f3n de las personas f\u00edsicas en lo que respecta al tratamiento de datos personales y a la libre circulaci\u00f3n de estos datos (RGPD), le facilitamos la siguiente informaci\u00f3n detallada del tratamiento de datos personales:<\/p>\n<p>Datos del responsable del tratamiento:<\/p>\n<p><strong>Identidad<\/strong>: Confederaci\u00f3n Catalana de la Construcci\u00f3n (CCC)<br \/>\n<strong>Direcci\u00f3n<\/strong>: Gran V\u00eda de las Cortes Catalanas, 663, 6\u00ba \u2013 08010 Barcelona<br \/>\n<strong>Tel\u00e9fono<\/strong>: 93.265.94.30<br \/>\n<strong>Correo electr\u00f3nico<\/strong>: <a href=\"mailto:info@construeixelfutur.cat\">info@construeixelfutur.cat<\/a><\/p>\n<p>FINALIDAD<\/p>\n<p>\u00bfCon qu\u00e9 finalidad trataremos sus datos personales?<\/p>\n<p>En la CONFEDERACI\u00d3N CATALANA DE LA CONSTRUCCI\u00d3N utilizaremos sus datos para proporcionarle informaci\u00f3n sobre asuntos relacionados con el sector de la construcci\u00f3n, as\u00ed como sobre las actividades y eventos que desarrolla la CONFEDERACI\u00d3N CATALANA DE LA CONSTRUCCI\u00d3N.<\/p>\n<p>Asimismo, mediante los formularios de registro del sitio web, se recogen datos que se almacenan en un fichero, con la exclusiva finalidad de env\u00edo de comunicaciones electr\u00f3nicas que la CONFEDERACI\u00d3N CATALANA DE LA CONSTRUCCI\u00d3N entiende interesantes para sus usuarios, siempre vinculados con el sector de la construcci\u00f3n.<\/p>\n<p>\u00danicamente el titular tendr\u00e1 acceso a sus datos, y en ning\u00fan caso, estos datos ser\u00e1n cedidos, compartidos, transferidos, ni vendidos a ning\u00fan tercero.<\/p>\n<p>En el caso de que aporte sus datos a trav\u00e9s de un mensaje de correo electr\u00f3nico, formar\u00e1 parte de un fichero cuya finalidad ser\u00e1 la gesti\u00f3n de la solicitud o comentario que nos realice, siendo aplicables el resto de t\u00e9rminos indicados en el p\u00e1rrafo anterior.<\/p>\n<p>\u00bfDURANTE CU\u00c1NTO TIEMPO TENDREMOS LOS DATOS?<\/p>\n<p>Los datos personales recogidos a trav\u00e9s de los formularios ser\u00e1n conservados todo el tiempo que usted decida y la legislaci\u00f3n as\u00ed lo exija. En cualquier momento usted podr\u00e1 ejercer los derechos que la normativa de protecci\u00f3n de datos pone a su disposici\u00f3n, por lo que podr\u00e1 ponerse en contacto a trav\u00e9s de la direcci\u00f3n info@construeixelfutur.cat.<\/p>\n<p>LEGITIMACI\u00d3N<\/p>\n<p>El tratamiento de sus datos es necesario para el env\u00edo de informaci\u00f3n sobre el sector de la construcci\u00f3n y sobre las actividades y eventos desarrollados por la CONFEDERACI\u00d3N CATALANA DE LA CONSTRUCCI\u00d3N.<\/p>\n<p>Adicionalmente, el tratamiento de sus datos est\u00e1 basado en el consentimiento que se le ha solicitado por su v\u00ednculo con la CONFEDERACI\u00d3N CATALANA DE LA CONSTRUCCI\u00d3N, as\u00ed como tambi\u00e9n en las diversas aceptaciones a trav\u00e9s de las casillas de los formularios de nuestra p\u00e1gina web.<\/p>\n<p>El USUARIO puede en cualquier momento retirar el consentimiento, sin que esto afecte la licitud del tratamiento basado en el consentimiento previo a su retirada.<\/p>\n<p>DERECHOS QUE ASISTEN A LAS PERSONAS INTERESADAS<\/p>\n<p>Puede ejercer cualquiera de los siguientes derechos comunicando a la direcci\u00f3n postal<\/p>\n<p>Gran V\u00eda de las Cortes Catalanas 663, 6\u00ba-Barcelona, o a la direcci\u00f3n electr\u00f3nica info@construeixelfutur.cat.<\/p>\n<p>En todo caso, seg\u00fan la normativa vigente tiene reconocido el:<\/p>\n<p>Derecho a solicitar el acceso a los datos personales relativos al interesado.<br \/>\nDerecho a solicitar su rectificaci\u00f3n o supresi\u00f3n.<br \/>\nDerecho a solicitar la limitaci\u00f3n del tratamiento.<br \/>\nDerecho a oponerse al tratamiento.<br \/>\nDerecho a la portabilidad.<\/p>\n<p>DESTINATARIOS<\/p>\n<p>Cualquier ciudadano tiene el derecho a obtener confirmaci\u00f3n sobre si la CONFEDERACI\u00d3N CATALANA DE LA CONSTRUCCI\u00d3N est\u00e1 tratando datos personales que le conciernen o no.<\/p>\n<p>Las personas interesadas podr\u00e1n acceder a sus datos personales, rectificarlos o si es el caso solicitar su supresi\u00f3n cuando, entre otros motivos, los datos ya no sean necesarios para las finalidades para las que fueron recabados.<\/p>\n<p>No se ceder\u00e1n datos de car\u00e1cter personal a terceros, excepto disposici\u00f3n legal. Tampoco se har\u00e1n transferencias internacionales de datos a terceros pa\u00edses.<\/p>\n<p>Tambi\u00e9n puede comunicarnos la limitaci\u00f3n del tratamiento de sus datos. En este caso \u00fanicamente se tratar\u00e1n para el ejercicio o la defensa de reclamaciones.<\/p>\n<p>PROCEDENCIA DE SUS DATOS<\/p>\n<p>Los datos de car\u00e1cter personal se obtienen directamente de las personas interesadas. Las categor\u00edas de datos de car\u00e1cter personal que se tratan son las siguientes:<\/p>\n<p>Datos de identificaci\u00f3n.<br \/>\nC\u00f3digo o claves de identificaci\u00f3n.<br \/>\nDirecciones postales o electr\u00f3nicas.<\/p>\n<p>No se tratan datos especialmente protegidos.<\/p>\n<p>AUTORIDAD DE CONTROL<\/p>\n<p>Desde la CONFEDERACI\u00d3N CATALANA DE LA CONSTRUCCI\u00d3N ponemos el m\u00e1ximo esfuerzo para cumplir con la normativa de protecci\u00f3n de datos dado que es el activo m\u00e1s valioso para nosotros. No obstante, le informamos que en caso de que usted entienda que sus derechos se han visto menoscabados puede presentar una reclamaci\u00f3n ante la Agencia Espa\u00f1ola de Protecci\u00f3n de Datos (en adelante AEPD), situada en C \/ Jorge Juan, 6. 28001 \u2013 Madrid. M\u00e1s informaci\u00f3n sobre la AEPD: <a href=\"http:\/\/www.agpd.es\/.\">http:\/\/www.agpd.es\/.<\/a><\/p>\n<\/div><\/div><\/div><\/div><\/div><\/p>\n","protected":false},"excerpt":{"rendered":"","protected":false},"author":1,"featured_media":0,"parent":0,"menu_order":0,"comment_status":"closed","ping_status":"closed","template":"100-width.php","meta":{"inline_featured_image":false,"footnotes":""},"class_list":["post-2965","page","type-page","status-publish","hentry"],"yoast_head":"<!-- This site is optimized with the Yoast SEO plugin v26.4 - https:\/\/yoast.com\/wordpress\/plugins\/seo\/ -->\n<title>Pol\u00edtica de privacidad - Confederaci\u00f3 Catalana de la Construcci\u00f3<\/title>\n<meta name=\"robots\" content=\"index, follow, max-snippet:-1, max-image-preview:large, max-video-preview:-1\" \/>\n<link rel=\"canonical\" href=\"https:\/\/construeixelfutur.cat\/es\/politica-de-privacidad\/\" \/>\n<meta property=\"og:locale\" content=\"es_ES\" \/>\n<meta property=\"og:type\" content=\"article\" \/>\n<meta property=\"og:title\" content=\"Pol\u00edtica de privacidad - Confederaci\u00f3 Catalana de la Construcci\u00f3\" \/>\n<meta property=\"og:url\" content=\"https:\/\/construeixelfutur.cat\/es\/politica-de-privacidad\/\" \/>\n<meta property=\"og:site_name\" content=\"Confederaci\u00f3 Catalana de la Construcci\u00f3\" \/>\n<meta property=\"article:modified_time\" content=\"2024-08-01T17:23:47+00:00\" \/>\n<meta name=\"twitter:card\" content=\"summary_large_image\" \/>\n<meta name=\"twitter:label1\" content=\"Tiempo de lectura\" \/>\n\t<meta name=\"twitter:data1\" content=\"4 minutos\" \/>\n<script type=\"application\/ld+json\" class=\"yoast-schema-graph\">{\"@context\":\"https:\/\/schema.org\",\"@graph\":[{\"@type\":\"WebPage\",\"@id\":\"https:\/\/construeixelfutur.cat\/es\/politica-de-privacidad\/\",\"url\":\"https:\/\/construeixelfutur.cat\/es\/politica-de-privacidad\/\",\"name\":\"Pol\u00edtica de privacidad - Confederaci\u00f3 Catalana de la Construcci\u00f3\",\"isPartOf\":{\"@id\":\"https:\/\/construeixelfutur.cat\/es\/#website\"},\"datePublished\":\"2022-09-22T06:44:19+00:00\",\"dateModified\":\"2024-08-01T17:23:47+00:00\",\"breadcrumb\":{\"@id\":\"https:\/\/construeixelfutur.cat\/es\/politica-de-privacidad\/#breadcrumb\"},\"inLanguage\":\"es\",\"potentialAction\":[{\"@type\":\"ReadAction\",\"target\":[\"https:\/\/construeixelfutur.cat\/es\/politica-de-privacidad\/\"]}]},{\"@type\":\"BreadcrumbList\",\"@id\":\"https:\/\/construeixelfutur.cat\/es\/politica-de-privacidad\/#breadcrumb\",\"itemListElement\":[{\"@type\":\"ListItem\",\"position\":1,\"name\":\"Portada\",\"item\":\"https:\/\/construeixelfutur.cat\/es\/\"},{\"@type\":\"ListItem\",\"position\":2,\"name\":\"Pol\u00edtica de privacidad\"}]},{\"@type\":\"WebSite\",\"@id\":\"https:\/\/construeixelfutur.cat\/es\/#website\",\"url\":\"https:\/\/construeixelfutur.cat\/es\/\",\"name\":\"Confederaci\u00f3 Catalana de la Construcci\u00f3\",\"description\":\"Just another WordPress site\",\"potentialAction\":[{\"@type\":\"SearchAction\",\"target\":{\"@type\":\"EntryPoint\",\"urlTemplate\":\"https:\/\/construeixelfutur.cat\/es\/?s={search_term_string}\"},\"query-input\":{\"@type\":\"PropertyValueSpecification\",\"valueRequired\":true,\"valueName\":\"search_term_string\"}}],\"inLanguage\":\"es\"}]}<\/script>\n<!-- \/ Yoast SEO plugin. -->","yoast_head_json":{"title":"Pol\u00edtica de privacidad - Confederaci\u00f3 Catalana de la Construcci\u00f3","robots":{"index":"index","follow":"follow","max-snippet":"max-snippet:-1","max-image-preview":"max-image-preview:large","max-video-preview":"max-video-preview:-1"},"canonical":"https:\/\/construeixelfutur.cat\/es\/politica-de-privacidad\/","og_locale":"es_ES","og_type":"article","og_title":"Pol\u00edtica de privacidad - Confederaci\u00f3 Catalana de la Construcci\u00f3","og_url":"https:\/\/construeixelfutur.cat\/es\/politica-de-privacidad\/","og_site_name":"Confederaci\u00f3 Catalana de la Construcci\u00f3","article_modified_time":"2024-08-01T17:23:47+00:00","twitter_card":"summary_large_image","twitter_misc":{"Tiempo de lectura":"4 minutos"},"schema":{"@context":"https:\/\/schema.org","@graph":[{"@type":"WebPage","@id":"https:\/\/construeixelfutur.cat\/es\/politica-de-privacidad\/","url":"https:\/\/construeixelfutur.cat\/es\/politica-de-privacidad\/","name":"Pol\u00edtica de privacidad - Confederaci\u00f3 Catalana de la Construcci\u00f3","isPartOf":{"@id":"https:\/\/construeixelfutur.cat\/es\/#website"},"datePublished":"2022-09-22T06:44:19+00:00","dateModified":"2024-08-01T17:23:47+00:00","breadcrumb":{"@id":"https:\/\/construeixelfutur.cat\/es\/politica-de-privacidad\/#breadcrumb"},"inLanguage":"es","potentialAction":[{"@type":"ReadAction","target":["https:\/\/construeixelfutur.cat\/es\/politica-de-privacidad\/"]}]},{"@type":"BreadcrumbList","@id":"https:\/\/construeixelfutur.cat\/es\/politica-de-privacidad\/#breadcrumb","itemListElement":[{"@type":"ListItem","position":1,"name":"Portada","item":"https:\/\/construeixelfutur.cat\/es\/"},{"@type":"ListItem","position":2,"name":"Pol\u00edtica de privacidad"}]},{"@type":"WebSite","@id":"https:\/\/construeixelfutur.cat\/es\/#website","url":"https:\/\/construeixelfutur.cat\/es\/","name":"Confederaci\u00f3 Catalana de la Construcci\u00f3","description":"Just another WordPress site","potentialAction":[{"@type":"SearchAction","target":{"@type":"EntryPoint","urlTemplate":"https:\/\/construeixelfutur.cat\/es\/?s={search_term_string}"},"query-input":{"@type":"PropertyValueSpecification","valueRequired":true,"valueName":"search_term_string"}}],"inLanguage":"es"}]}},"_links":{"self":[{"href":"https:\/\/construeixelfutur.cat\/es\/wp-json\/wp\/v2\/pages\/2965","targetHints":{"allow":["GET"]}}],"collection":[{"href":"https:\/\/construeixelfutur.cat\/es\/wp-json\/wp\/v2\/pages"}],"about":[{"href":"https:\/\/construeixelfutur.cat\/es\/wp-json\/wp\/v2\/types\/page"}],"author":[{"embeddable":true,"href":"https:\/\/construeixelfutur.cat\/es\/wp-json\/wp\/v2\/users\/1"}],"replies":[{"embeddable":true,"href":"https:\/\/construeixelfutur.cat\/es\/wp-json\/wp\/v2\/comments?post=2965"}],"version-history":[{"count":3,"href":"https:\/\/construeixelfutur.cat\/es\/wp-json\/wp\/v2\/pages\/2965\/revisions"}],"predecessor-version":[{"id":3051,"href":"https:\/\/construeixelfutur.cat\/es\/wp-json\/wp\/v2\/pages\/2965\/revisions\/3051"}],"wp:attachment":[{"href":"https:\/\/construeixelfutur.cat\/es\/wp-json\/wp\/v2\/media?parent=2965"}],"curies":[{"name":"wp","href":"https:\/\/api.w.org\/{rel}","templated":true}]}}